{"id":27346,"date":"2024-04-10T08:48:04","date_gmt":"2024-04-10T07:48:04","guid":{"rendered":"https:\/\/okna-goricar.si\/?page_id=27346"},"modified":"2024-05-08T08:54:13","modified_gmt":"2024-05-08T07:54:13","slug":"pogoji-poslovanja","status":"publish","type":"page","link":"https:\/\/okna-goricar.si\/de\/pogoji-poslovanja\/","title":{"rendered":"Pogoji poslovanja"},"content":{"rendered":"<div data-elementor-type=\"wp-page\" data-elementor-id=\"27346\" class=\"elementor elementor-27346\">\n\t\t\t\t<div class=\"elementor-element elementor-element-cc7b3e4 e-flex e-con-boxed sc_layouts_column_icons_position_left e-con e-parent\" data-id=\"cc7b3e4\" data-element_type=\"container\" data-e-type=\"container\">\n\t\t\t\t\t<div class=\"e-con-inner\">\n\t\t\t\t<div class=\"elementor-element elementor-element-0d1bc60 sc_fly_static elementor-widget elementor-widget-text-editor\" data-id=\"0d1bc60\" data-element_type=\"widget\" data-e-type=\"widget\" data-widget_type=\"text-editor.default\">\n\t\t\t\t<div class=\"elementor-widget-container\">\n\t\t\t\t\t\t\t\t\t<h2>Einf\u00fchrung<\/h2><p>Diese Allgemeinen Gesch\u00e4ftsbedingungen (im Folgenden: Gesch\u00e4ftsbedingungen) regeln die gegenseitigen Rechte und Pflichten zwischen der Firma Jure Gori\u010dar s.p., eingetragen im zust\u00e4ndigen Register AJPES, Registernummer: 8855617000, mit Sitz in \u010crmo\u0161njice pri Stopi\u010de 6A, \u010crmo\u0161njice pri Stopi\u010de, 8000 Novo mesto (im Folgenden: der Verk\u00e4ufer) und K\u00e4ufer und Kunden der Montage von Produkten wie Fenstern, T\u00fcren, Jalousien und anderen \u00e4hnlichen Produkten (im Folgenden: der K\u00e4ufer).<\/p><h2>Angebot und Vertragsschluss<\/h2><p>Das Produkt- und Dienstleistungsangebot ist auf der Website des Unternehmens, im Katalog aufgef\u00fchrt oder wird m\u00fcndlich mitgeteilt. Alle Angebote sind bis auf Widerruf bzw. bis zum Ablauf der im Angebot genannten Frist g\u00fcltig.<\/p><p>Ein Vertrag zwischen dem Verk\u00e4ufer und dem K\u00e4ufer kommt zustande, wenn der K\u00e4ufer ein Produkt oder eine Dienstleistung bestellt und der Verk\u00e4ufer die Bestellung schriftlich oder elektronisch best\u00e4tigt.<\/p><h2>Preise<\/h2><p>Die Preise f\u00fcr Produkte und Dienstleistungen sind im Angebot angegeben und enthalten keine Mehrwertsteuer, sofern nicht ausdr\u00fccklich etwas anderes angegeben ist. Der Verk\u00e4ufer beh\u00e4lt sich das Recht vor, die Preise zu \u00e4ndern, wor\u00fcber der K\u00e4ufer vor Vertragsabschluss informiert wird.<\/p><h2>Lieferzeit<\/h2><p>Lieferzeiten sind im Angebot angegeben bzw. werden bei Auftragsbest\u00e4tigung mitgeteilt. Der Verk\u00e4ufer wird sich bem\u00fchen, die vereinbarten Fristen einzuhalten, verpflichtet sich jedoch, im Falle von Verz\u00f6gerungen den K\u00e4ufer rechtzeitig dar\u00fcber zu informieren. Lieferverz\u00f6gerungen in der Lieferkette k\u00f6nnen zu einer l\u00e4ngeren Lieferung und Montage von Produkten f\u00fchren.<\/p><h2>Montage<\/h2><p>Die Montage erfolgt gem\u00e4\u00df den vereinbarten Bedingungen und technischen Spezifikationen des Produkts. Der K\u00e4ufer verpflichtet sich, f\u00fcr einen ungehinderten Zugang zum Montageort und die notwendigen Voraussetzungen f\u00fcr eine sichere und effiziente Durchf\u00fchrung der Arbeiten zu sorgen.<\/p><h2>Zahlungsbedingungen<\/h2><p>Die Bezahlung der Produkte und Dienstleistungen erfolgt auf Grundlage der vom Verk\u00e4ufer ausgestellten Rechnung. Die Standardzahlungsfrist betr\u00e4gt 8 Tage ab Rechnungsdatum, sofern zwischen den Parteien nichts anderes vereinbart wurde.<\/p><h2>Gew\u00e4hrleistung und Reklamationen<\/h2><p>F\u00fcr die Produkte gilt eine Garantie f\u00fcr die \u00dcbereinstimmung der Produkte mit den vertraglichen Spezifikationen. Die Garantiefristen ergeben sich aus den Garantiebl\u00e4ttern bzw. dem Vertrag\/Angebot. Beanstandungen von Produktm\u00e4ngeln oder Serviceleistungen m\u00fcssen innerhalb der Gew\u00e4hrleistungsfrist schriftlich erfolgen.<\/p><h2>Das Recht, vom Kauf zur\u00fcckzutreten<\/h2><p>Der K\u00e4ufer hat das Recht, innerhalb von 3 Tagen nach Best\u00e4tigung des Angebots oder Abgabe der Bestellung vom Kauf zur\u00fcckzutreten, sofern dadurch dem Verk\u00e4ufer kein Schaden f\u00fcr die bereits bestellten Produkte entsteht. Die mit dem R\u00fccktritt vom Vertrag\/Angebot verbundenen Kosten tr\u00e4gt der K\u00e4ufer.<\/p><h2>Schutz personenbezogener Daten<\/h2><p>Der Verk\u00e4ufer verpflichtet sich, alle personenbezogenen Daten des K\u00e4ufers ausschlie\u00dflich zur Abwicklung der Bestellung zu verwenden und diese nicht ohne ausdr\u00fcckliche Zustimmung des K\u00e4ufers an Dritte weiterzugeben.<\/p><h2>Konfliktl\u00f6sung<\/h2><p>Eventuelle Streitigkeiten zwischen Verk\u00e4ufer und K\u00e4ufer werden g\u00fctlich beigelegt. Sollte eine einvernehmliche L\u00f6sung nicht m\u00f6glich sein, ist f\u00fcr die Streitbeilegung das Gericht am Sitz des Verk\u00e4ufers zust\u00e4ndig.<\/p><h2>Schlussbestimmungen<\/h2><p>Diese Allgemeinen Gesch\u00e4ftsbedingungen gelten ab dem 01.01.2024 und sind auf der Website des Verk\u00e4ufers verf\u00fcgbar. Der Verk\u00e4ufer beh\u00e4lt sich das Recht vor, die Bedingungen ohne vorherige Ank\u00fcndigung zu \u00e4ndern.<\/p>\t\t\t\t\t\t\t\t<\/div>\n\t\t\t\t<\/div>\n\t\t\t\t\t<\/div>\n\t\t\t\t<\/div>\n\t\t<div class=\"elementor-element elementor-element-e2f9c31 e-flex e-con-boxed sc_layouts_column_icons_position_left e-con e-parent\" data-id=\"e2f9c31\" data-element_type=\"container\" data-e-type=\"container\">\n\t\t\t\t\t<div class=\"e-con-inner\">\n\t\t\t\t<div class=\"elementor-element elementor-element-27355cc sc_fly_static elementor-widget elementor-widget-heading\" data-id=\"27355cc\" data-element_type=\"widget\" data-e-type=\"widget\" data-widget_type=\"heading.default\">\n\t\t\t\t<div class=\"elementor-widget-container\">\n\t\t\t\t\t<h2 class=\"elementor-heading-title elementor-size-default\">Erkl\u00e4rung zum Schutz personenbezogener Daten<\/h2>\t\t\t\t<\/div>\n\t\t\t\t<\/div>\n\t\t\t\t<div class=\"elementor-element elementor-element-c6af1a0 underline_anim sc_fly_static elementor-widget elementor-widget-text-editor\" data-id=\"c6af1a0\" data-element_type=\"widget\" data-e-type=\"widget\" data-widget_type=\"text-editor.default\">\n\t\t\t\t<div class=\"elementor-widget-container\">\n\t\t\t\t\t\t\t\t\t<p>Das Unternehmen Jure Gori\u010dar s.p. verpflichtet sich, die Privatsph\u00e4re und personenbezogenen Daten seiner Kunden und anderer Personen, mit denen es eine Gesch\u00e4ftsbeziehung oder Kommunikation aufbaut, zu sch\u00fctzen. In \u00dcbereinstimmung mit der geltenden Gesetzgebung im Bereich des Schutzes personenbezogener Daten, einschlie\u00dflich der Verordnung (EU) 2016\/679 zum Schutz nat\u00fcrlicher Personen bei der Verarbeitung personenbezogener Daten (Allgemeine Datenschutzverordnung \u2013 DSGVO), ist das Unternehmen Jure Gori\u010dar s.p. bietet Folgendes:<\/p><p>Erhebung und Verarbeitung personenbezogener Daten: Unternehmen Jure Gori\u010dar s.p. wird personenbezogene Daten nur in \u00dcbereinstimmung mit der Rechtsgrundlage erheben und verarbeiten, die in den geltenden Rechtsvorschriften festgelegt ist. Personenbezogene Daten werden ausschlie\u00dflich zu Zwecken erhoben, die von der betroffenen Person bei der Bereitstellung der Daten angegeben und eindeutig identifiziert werden. Das Unternehmen erhebt nur diejenigen personenbezogenen Daten, die zur Erf\u00fcllung eines bestimmten Zwecks erforderlich sind, und speichert diese nur so lange, wie es zur Erreichung dieses Zwecks erforderlich ist.<\/p><p>Nutzung und Weitergabe personenbezogener Daten: Unternehmen Jure Gori\u010dar s.p. personenbezogene Daten ausschlie\u00dflich f\u00fcr die Zwecke verwenden, f\u00fcr die sie erhoben wurden, es sei denn, die betroffene Person hat einer weiteren Verwendung ausdr\u00fccklich zugestimmt. Wir geben personenbezogene Daten nicht an Dritte weiter, es sei denn, dies ist zur Erf\u00fcllung vertraglicher Pflichten erforderlich oder es besteht hierzu eine gesetzliche Verpflichtung.<\/p><p>Sicherheit personenbezogener Daten: Unternehmen Jure Gori\u010dar s.p. wird geeignete technische und organisatorische Ma\u00dfnahmen ergreifen, um personenbezogene Daten vor unbefugtem Zugriff, Verlust, Zerst\u00f6rung oder Ver\u00e4nderung zu sch\u00fctzen. Dar\u00fcber hinaus werden wir unsere Mitarbeiter angemessen schulen und f\u00fcr den Schutz personenbezogener Daten sensibilisieren.<\/p><p>Rechte des Einzelnen: Einzelpersonen haben das Recht, auf ihre personenbezogenen Daten zuzugreifen, unrichtige Daten zu korrigieren, ihre Daten zu l\u00f6schen oder deren Verarbeitung einzuschr\u00e4nken und der Verarbeitung zu widersprechen. Sie haben au\u00dferdem das Recht auf Daten\u00fcbertragbarkeit und das Recht, ihre Einwilligung zur Datenverarbeitung zu widerrufen. Alle diese Rechte k\u00f6nnen von Einzelpersonen ausge\u00fcbt werden, indem sie uns \u00fcber die am Ende dieser Erkl\u00e4rung angegebenen Kontaktinformationen kontaktieren.<\/p><p>Cookies: Unsere Website verwendet Cookies. Weitere Informationen zu Cookies und deren Verwendung finden Sie in unserem Cookie-Hinweis.<\/p><p>Wenn Sie Fragen zum Schutz personenbezogener Daten haben oder Ihre Rechte aus\u00fcben m\u00f6chten, k\u00f6nnen Sie uns \u00fcber die unten angegebenen Kontaktdaten kontaktieren.<\/p><p>Kontaktdetails:<\/p><p>Okna Gori\u010dar - Jure Gori\u010dar e.U. Adresse: \u010crmo\u0161njice pri Stopi\u010de 6a, 8000 Novo mesto, Slowenien. Telefon: <span class=\"underline_anim underline_do_hover\"><a href=\"tel:+38640300084\">+386 (0)40 300 084<\/a><\/span>, e-Mail-Adresse: <a class=\"underline_anim underline_do_hover\" href=\"mailto:info@okna-goricar.si\">info@okna-goricar.si<\/a>.<\/p><div><p>Adresse f\u00fcr Reklamationen:<\/p><p>Informationsbeauftragter der Republik Slowenien, Dunajska cesta 22, 1000 Ljubljana, Slowenien. Telefon: <span class=\"underline_anim underline_do_hover\"><a href=\"tel:+38612309730\">+386 (0)1 230 9730<\/a><\/span>, e-Mail-Adresse: <a class=\"underline_anim underline_do_hover\" href=\"mailto:gp.ip@ip-rs.si\">gp.ip@ip-rs.si<\/a>.<\/p><p>Diese Erkl\u00e4rung zum Schutz personenbezogener Daten ist ab dem 1. Januar 2022 g\u00fcltig.<\/p><\/div>\t\t\t\t\t\t\t\t<\/div>\n\t\t\t\t<\/div>\n\t\t\t\t\t<\/div>\n\t\t\t\t<\/div>\n\t\t\t\t<\/div>","protected":false},"excerpt":{"rendered":"<p>Uvod Ti splo\u0161ni pogoji poslovanja (v nadaljevanju: pogoji) urejajo medsebojne pravice in obveznosti med Podjetjem Jure Gori\u010dar s.p., registrirano pri pristojnemu registeru, AJPES, mati\u010dna \u0161tevilka: 8855617000, s sede\u017eem na \u010crmo\u0161njice&hellip;<\/p>","protected":false},"author":1,"featured_media":0,"parent":0,"menu_order":0,"comment_status":"closed","ping_status":"closed","template":"","meta":{"_monsterinsights_skip_tracking":false,"_monsterinsights_sitenote_active":false,"_monsterinsights_sitenote_note":"","_monsterinsights_sitenote_category":0,"footnotes":""},"class_list":["post-27346","page","type-page","status-publish","hentry"],"_links":{"self":[{"href":"https:\/\/okna-goricar.si\/de\/wp-json\/wp\/v2\/pages\/27346","targetHints":{"allow":["GET"]}}],"collection":[{"href":"https:\/\/okna-goricar.si\/de\/wp-json\/wp\/v2\/pages"}],"about":[{"href":"https:\/\/okna-goricar.si\/de\/wp-json\/wp\/v2\/types\/page"}],"author":[{"embeddable":true,"href":"https:\/\/okna-goricar.si\/de\/wp-json\/wp\/v2\/users\/1"}],"replies":[{"embeddable":true,"href":"https:\/\/okna-goricar.si\/de\/wp-json\/wp\/v2\/comments?post=27346"}],"version-history":[{"count":40,"href":"https:\/\/okna-goricar.si\/de\/wp-json\/wp\/v2\/pages\/27346\/revisions"}],"predecessor-version":[{"id":28082,"href":"https:\/\/okna-goricar.si\/de\/wp-json\/wp\/v2\/pages\/27346\/revisions\/28082"}],"wp:attachment":[{"href":"https:\/\/okna-goricar.si\/de\/wp-json\/wp\/v2\/media?parent=27346"}],"curies":[{"name":"wp","href":"https:\/\/api.w.org\/{rel}","templated":true}]}}