{"id":27295,"date":"2024-04-10T08:56:50","date_gmt":"2024-04-10T07:56:50","guid":{"rendered":"https:\/\/okna-goricar.si\/?page_id=27295"},"modified":"2024-05-08T08:54:32","modified_gmt":"2024-05-08T07:54:32","slug":"politika-zasebnosti","status":"publish","type":"page","link":"https:\/\/okna-goricar.si\/de\/politika-zasebnosti\/","title":{"rendered":"Politika zasebnosti"},"content":{"rendered":"<div data-elementor-type=\"wp-page\" data-elementor-id=\"27295\" class=\"elementor elementor-27295\">\n\t\t\t\t<div class=\"elementor-element elementor-element-12a01722 e-flex e-con-boxed sc_layouts_column_icons_position_left e-con e-parent\" data-id=\"12a01722\" data-element_type=\"container\" data-e-type=\"container\">\n\t\t\t\t\t<div class=\"e-con-inner\">\n\t\t\t\t<div class=\"elementor-element elementor-element-bb21aa4 sc_fly_static elementor-widget elementor-widget-heading\" data-id=\"bb21aa4\" data-element_type=\"widget\" data-e-type=\"widget\" data-widget_type=\"heading.default\">\n\t\t\t\t<div class=\"elementor-widget-container\">\n\t\t\t\t\t<h2 class=\"elementor-heading-title elementor-size-default\">Datenschutzrichtlinie<\/h2>\t\t\t\t<\/div>\n\t\t\t\t<\/div>\n\t\t\t\t<div class=\"elementor-element elementor-element-ca4faff sc_fly_static elementor-widget elementor-widget-text-editor\" data-id=\"ca4faff\" data-element_type=\"widget\" data-e-type=\"widget\" data-widget_type=\"text-editor.default\">\n\t\t\t\t<div class=\"elementor-widget-container\">\n\t\t\t\t\t\t\t\t\t<p>Lieber Nutzer!<\/p>\n<p>Ihre Privatsph\u00e4re ist uns wichtig, daher informieren wir Sie dar\u00fcber, dass unsere Website Cookies verwendet. Cookies sind kleine Textdateien, die auf Ihrem Computer oder Mobilger\u00e4t gespeichert werden, wenn Sie unsere Website besuchen.<\/p>\n<p>Cookies helfen uns, die Leistung und Benutzererfahrung unserer Website zu verbessern. Mit ihrer Hilfe merken wir uns Ihre Einstellungen, speichern Informationen \u00fcber Sprachpr\u00e4ferenzen und erm\u00f6glichen die Anpassung von Inhalten basierend auf Ihren Interessen. Au\u00dferdem erm\u00f6glichen uns Cookies die Analyse des Datenverkehrs und der Statistiken, mit denen wir unsere Website verbessern und Ihnen noch bessere Dienste bieten k\u00f6nnen.<\/p>\n<p>Einige der von uns verwendeten Cookies sind zwingend erforderlich, damit die Grundfunktionen der Website funktionieren. Ohne diese Cookies k\u00f6nnen Sie m\u00f6glicherweise nicht alle von uns angebotenen Funktionen und Dienste nutzen.<\/p>\n<p>Durch die Nutzung unserer Website stimmen Sie der Verwendung von Cookies gem\u00e4\u00df dieser Erkl\u00e4rung zu. Wenn Sie keine Cookies akzeptieren m\u00f6chten, k\u00f6nnen Sie Ihre Browsereinstellungen \u00e4ndern und die Verwendung von Cookies deaktivieren. Bitte beachten Sie jedoch, dass die Deaktivierung von Cookies die Leistung und Funktionalit\u00e4t unserer Website beeintr\u00e4chtigen kann.<\/p>\n<p>Weitere Informationen zu Cookies, wie wir sie verwenden und wie Sie Ihre Einstellungen \u00e4ndern k\u00f6nnen, finden Sie in unserer Datenschutzerkl\u00e4rung.<\/p>\t\t\t\t\t\t\t\t<\/div>\n\t\t\t\t<\/div>\n\t\t\t\t\t<\/div>\n\t\t\t\t<\/div>\n\t\t<div class=\"elementor-element elementor-element-b41bdbe e-flex e-con-boxed sc_layouts_column_icons_position_left e-con e-parent\" data-id=\"b41bdbe\" data-element_type=\"container\" data-e-type=\"container\">\n\t\t\t\t\t<div class=\"e-con-inner\">\n\t\t\t\t<div class=\"elementor-element elementor-element-8d882f3 sc_fly_static elementor-widget elementor-widget-heading\" data-id=\"8d882f3\" data-element_type=\"widget\" data-e-type=\"widget\" data-widget_type=\"heading.default\">\n\t\t\t\t<div class=\"elementor-widget-container\">\n\t\t\t\t\t<h2 class=\"elementor-heading-title elementor-size-default\">Erkl\u00e4rung zum Schutz personenbezogener Daten\n<\/h2>\t\t\t\t<\/div>\n\t\t\t\t<\/div>\n\t\t\t\t<div class=\"elementor-element elementor-element-4aed4ae sc_fly_static elementor-widget elementor-widget-text-editor\" data-id=\"4aed4ae\" data-element_type=\"widget\" data-e-type=\"widget\" data-widget_type=\"text-editor.default\">\n\t\t\t\t<div class=\"elementor-widget-container\">\n\t\t\t\t\t\t\t\t\t<p>Das Unternehmen Jure Gori\u010dar s.p. verpflichtet sich, die Privatsph\u00e4re und personenbezogenen Daten seiner Kunden und anderer Personen, mit denen es eine Gesch\u00e4ftsbeziehung oder Kommunikation aufbaut, zu sch\u00fctzen. In \u00dcbereinstimmung mit der geltenden Gesetzgebung im Bereich des Schutzes personenbezogener Daten, einschlie\u00dflich der Verordnung (EU) 2016\/679 zum Schutz nat\u00fcrlicher Personen bei der Verarbeitung personenbezogener Daten (Allgemeine Datenschutzverordnung \u2013 DSGVO), ist das Unternehmen Jure Gori\u010dar s.p. bietet Folgendes:<\/p><p>Erhebung und Verarbeitung personenbezogener Daten: Unternehmen Jure Gori\u010dar s.p. wird personenbezogene Daten nur in \u00dcbereinstimmung mit der Rechtsgrundlage erheben und verarbeiten, die in den geltenden Rechtsvorschriften festgelegt ist. Personenbezogene Daten werden ausschlie\u00dflich zu Zwecken erhoben, die von der betroffenen Person bei der Bereitstellung der Daten angegeben und eindeutig identifiziert werden. Das Unternehmen erhebt nur diejenigen personenbezogenen Daten, die zur Erf\u00fcllung eines bestimmten Zwecks erforderlich sind, und speichert diese nur so lange, wie es zur Erreichung dieses Zwecks erforderlich ist.<\/p><p>Nutzung und Weitergabe personenbezogener Daten: Unternehmen Jure Gori\u010dar s.p. personenbezogene Daten ausschlie\u00dflich f\u00fcr die Zwecke verwenden, f\u00fcr die sie erhoben wurden, es sei denn, die betroffene Person hat einer weiteren Verwendung ausdr\u00fccklich zugestimmt. Wir geben personenbezogene Daten nicht an Dritte weiter, es sei denn, dies ist zur Erf\u00fcllung vertraglicher Pflichten erforderlich oder es besteht hierzu eine gesetzliche Verpflichtung.<\/p><p>Sicherheit personenbezogener Daten: Unternehmen Jure Gori\u010dar s.p. wird geeignete technische und organisatorische Ma\u00dfnahmen ergreifen, um personenbezogene Daten vor unbefugtem Zugriff, Verlust, Zerst\u00f6rung oder Ver\u00e4nderung zu sch\u00fctzen. Dar\u00fcber hinaus werden wir unsere Mitarbeiter angemessen schulen und f\u00fcr den Schutz personenbezogener Daten sensibilisieren.<\/p><p>Rechte des Einzelnen: Einzelpersonen haben das Recht, auf ihre personenbezogenen Daten zuzugreifen, unrichtige Daten zu korrigieren, ihre Daten zu l\u00f6schen oder deren Verarbeitung einzuschr\u00e4nken und der Verarbeitung zu widersprechen. Sie haben au\u00dferdem das Recht auf Daten\u00fcbertragbarkeit und das Recht, ihre Einwilligung zur Datenverarbeitung zu widerrufen. Alle diese Rechte k\u00f6nnen von Einzelpersonen ausge\u00fcbt werden, indem sie uns \u00fcber die am Ende dieser Erkl\u00e4rung angegebenen Kontaktinformationen kontaktieren.<\/p><p>Cookies: Unsere Website verwendet Cookies. Weitere Informationen zu Cookies und deren Verwendung finden Sie in unserem Cookie-Hinweis.<\/p><p>Wenn Sie Fragen zum Schutz personenbezogener Daten haben oder Ihre Rechte aus\u00fcben m\u00f6chten, k\u00f6nnen Sie uns \u00fcber die unten angegebenen Kontaktdaten kontaktieren.<\/p><p>Kontaktdetails:<\/p><p>Okna Gori\u010dar - Jure Gori\u010dar e.U. Adresse: \u010crmo\u0161njice pri Stopi\u010de 6a, 8000 Novo mesto, Slowenien. Telefon: <span class=\"underline_anim underline_do_hover\"><a href=\"tel:+38640300084\">+386 (0)40 300 084<\/a><\/span>, e-Mail-Adresse: <a class=\"underline_anim underline_do_hover\" href=\"mailto:info@okna-goricar.si\">info@okna-goricar.si<\/a>.<\/p><div><p>Adresse f\u00fcr Reklamationen:<\/p><p>Informationsbeauftragter der Republik Slowenien, Dunajska cesta 22, 1000 Ljubljana, Slowenien. Telefon: <span class=\"underline_anim underline_do_hover\"><a href=\"tel:+38612309730\">+386 (0)1 230 9730<\/a><\/span>, e-Mail-Adresse: <a class=\"underline_anim underline_do_hover\" href=\"mailto:gp.ip@ip-rs.si\">gp.ip@ip-rs.si<\/a>.<\/p><p>Diese Erkl\u00e4rung zum Schutz personenbezogener Daten ist ab dem 1. Januar 2022 g\u00fcltig.<\/p><\/div>\t\t\t\t\t\t\t\t<\/div>\n\t\t\t\t<\/div>\n\t\t\t\t\t<\/div>\n\t\t\t\t<\/div>\n\t\t\t\t<\/div>","protected":false},"excerpt":{"rendered":"<p>Pravno obvestilo Spo\u0161tovani uporabnik! Va\u0161a zasebnost nam je pomembna, zato vas obve\u0161\u010damo, da na\u0161a spletna stran uporablja pi\u0161kotke. Pi\u0161kotki so majhne besedilne datoteke, ki se shranijo na va\u0161 ra\u010dunalnik ali&hellip;<\/p>","protected":false},"author":1,"featured_media":0,"parent":0,"menu_order":0,"comment_status":"closed","ping_status":"closed","template":"","meta":{"_monsterinsights_skip_tracking":false,"_monsterinsights_sitenote_active":false,"_monsterinsights_sitenote_note":"","_monsterinsights_sitenote_category":0,"footnotes":""},"class_list":["post-27295","page","type-page","status-publish","hentry"],"_links":{"self":[{"href":"https:\/\/okna-goricar.si\/de\/wp-json\/wp\/v2\/pages\/27295","targetHints":{"allow":["GET"]}}],"collection":[{"href":"https:\/\/okna-goricar.si\/de\/wp-json\/wp\/v2\/pages"}],"about":[{"href":"https:\/\/okna-goricar.si\/de\/wp-json\/wp\/v2\/types\/page"}],"author":[{"embeddable":true,"href":"https:\/\/okna-goricar.si\/de\/wp-json\/wp\/v2\/users\/1"}],"replies":[{"embeddable":true,"href":"https:\/\/okna-goricar.si\/de\/wp-json\/wp\/v2\/comments?post=27295"}],"version-history":[{"count":53,"href":"https:\/\/okna-goricar.si\/de\/wp-json\/wp\/v2\/pages\/27295\/revisions"}],"predecessor-version":[{"id":28083,"href":"https:\/\/okna-goricar.si\/de\/wp-json\/wp\/v2\/pages\/27295\/revisions\/28083"}],"wp:attachment":[{"href":"https:\/\/okna-goricar.si\/de\/wp-json\/wp\/v2\/media?parent=27295"}],"curies":[{"name":"wp","href":"https:\/\/api.w.org\/{rel}","templated":true}]}}